{"id":2328,"date":"2020-12-16T02:14:17","date_gmt":"2020-12-16T01:14:17","guid":{"rendered":"https:\/\/ekofolwark.pl\/?page_id=2328"},"modified":"2026-04-03T10:52:48","modified_gmt":"2026-04-03T08:52:48","slug":"dates-of-courses-and-pricing","status":"publish","type":"page","link":"https:\/\/ekofolwark.pl\/en\/dates-of-courses-and-pricing\/","title":{"rendered":"Dates of courses and pricing"},"content":{"rendered":"<div class=\"wpb-content-wrapper\"><p>[vc_row full_width=&#8221;stretch_row&#8221; equal_height=&#8221;yes&#8221; content_placement=&#8221;middle&#8221; css=&#8221;.vc_custom_1608077777583{background-image: url(https:\/\/ekofolwark.pl\/wp-content\/uploads\/2020\/11\/daty-turnusow-background.jpg?id=2007) !important;background-position: center !important;background-repeat: no-repeat !important;background-size: cover !important;}&#8221; el_class=&#8221;przerywnik&#8221;][vc_column][vc_empty_space height=&#8221;400px&#8221;][\/vc_column][\/vc_row][vc_row full_width=&#8221;stretch_row&#8221; equal_height=&#8221;yes&#8221; content_placement=&#8221;middle&#8221;][vc_column][vc_empty_space height=&#8221;80px&#8221;][vc_custom_heading text=&#8221;Dates of courses&#8221; font_container=&#8221;tag:h1|text_align:center&#8221; use_theme_fonts=&#8221;yes&#8221; css=&#8221;.vc_custom_1608081145826{margin-bottom: 0px !important;}&#8221;][vc_empty_space height=&#8221;30px&#8221;][vc_row_inner][vc_column_inner width=&#8221;1\/3&#8243;][vc_empty_space height=&#8221;20px&#8221;][vc_column_text css=&#8221;&#8221; el_class=&#8221;miejsce-z-klimatem&#8221;]<\/p>\n<table class=\"daty\">\n<tbody>\n<tr>\n<td>08.11 &#8211; 22.11.2025 (14 days) &#8211; sold out<\/td>\n<td>12 200 PLN<\/td>\n<\/tr>\n<tr>\n<td>14.03 &#8211; 28.03.2026 (14 days)<\/td>\n<td>12 200 PLN<\/td>\n<\/tr>\n<tr>\n<td>25.04 &#8211; 09.05.2026 (14 days)<\/td>\n<td>12 200 PLN<\/td>\n<\/tr>\n<tr>\n<td>29.08 \u2013 12.09.2026 (14 days)<\/td>\n<td>12 200 PLN<\/td>\n<\/tr>\n<\/tbody>\n<\/table>\n<p>[\/vc_column_text][\/vc_column_inner][vc_column_inner width=&#8221;2\/3&#8243;][vc_empty_space height=&#8221;20px&#8221;][vc_column_text css=&#8221;&#8221; el_class=&#8221;miejsce-z-klimatem&#8221;]<strong>IMPORTANT: before making the payment, please contact us by e-mail to arrange your reservation and to send a brief description of your health. An advance payment without prior email contact does not mean a room reservation.<\/strong><\/p>\n<p><strong>Payment of a deposit in the amount of PLN 6,000 no later than within 3 days from the date the Organizer confirms participation in the session.<\/strong><\/p>\n<p>The rest of amount has to be paid in the day of arrival by banking transfer or cash.<\/p>\n<p><strong>Payable to the account:<\/strong><\/p>\n<p><strong><span class=\"_5yl5\">Eko Folwark Sp. z o.o. Sp\u00f3\u0142ka Komandytowa<br \/>\n<\/span><span class=\"_5yl5\">Ul. Pachn\u0105ca 81 02-792<br \/>\n<\/span><span class=\"_5yl5\">Warszawa<\/span><\/strong><\/p>\n<p><strong><span class=\"_5yl5\">NIP 9512405472<br \/>\n<\/span><span class=\"_5yl5\">Regon 363682580<\/span><\/strong><\/p>\n<p><strong><span class=\"_5yl5\">Bank Sp\u00f3\u0142dzielczy Byt\u00f3w O\/Ko\u0142czyg\u0142owy 23 9321 0001 0034 9428 2000 0010<\/span><\/strong><\/p>\n<p><strong>For: advance payment for a course at Eko Folwark on the dates: the dates of the course<\/strong><\/p>\n<p>After making the advance payment, please send the confirmation and telephone number to: kontakt@ekofolwark.pl<\/p>\n<ul>\n<li>The order of applications confirmed by payment decides about the admission to the program. (first-come, first-serve basis)<\/li>\n<li>The dates of a course will be confirmed by e-mail 7 days before its commencement.<\/li>\n<li>The course begins with a dinner at 18.00, and ends with breakfast.<\/li>\n<li>The organizer reserves the right to cancel a course in the event of unforeseen problems or contingencies.<\/li>\n<li>The organiser will notify by e-mail about the possible need to change the date, quoting the next available dates or will refund the advance payment.<\/li>\n<\/ul>\n<p>[\/vc_column_text][\/vc_column_inner][\/vc_row_inner][vc_empty_space height=&#8221;80px&#8221;][\/vc_column][\/vc_row][vc_row full_width=&#8221;stretch_row_content&#8221; equal_height=&#8221;yes&#8221; content_placement=&#8221;middle&#8221; css=&#8221;.vc_custom_1536057438794{background-color: #e3e0cf !important;}&#8221;][vc_column][vc_empty_space height=&#8221;80px&#8221;][vc_custom_heading text=&#8221;Have you got any questions? Call us.&#8221; font_container=&#8221;tag:h4|font_size:36px|text_align:center|color:%233b3a37&#8243; google_fonts=&#8221;font_family:Montserrat%3Aregular%2C700|font_style:400%20regular%3A400%3Anormal&#8221; css=&#8221;.vc_custom_1608081299732{margin-bottom: 0px !important;}&#8221; el_class=&#8221;light&#8221;][vc_empty_space height=&#8221;50px&#8221;][vc_column_text]<\/p>\n<div class=\"przycisk\"><a href=\"tel:+48 661 220 022\">+48 661 220 022<\/a><\/div>\n<p>[\/vc_column_text][vc_empty_space height=&#8221;130px&#8221;][\/vc_column][\/vc_row]<\/p>\n<\/div>","protected":false},"excerpt":{"rendered":"<p>[vc_row full_width=&#8221;stretch_row&#8221; equal_height=&#8221;yes&#8221; content_placement=&#8221;middle&#8221; css=&#8221;.vc_custom_1608077777583{background-image: url(https:\/\/ekofolwark.pl\/wp-content\/uploads\/2020\/11\/daty-turnusow-background.jpg?id=2007) !important;background-position: center !important;background-repeat: no-repeat !important;background-size: cover !important;}&#8221; el_class=&#8221;przerywnik&#8221;][vc_column][vc_empty_space height=&#8221;400px&#8221;][\/vc_column][\/vc_row][vc_row full_width=&#8221;stretch_row&#8221; equal_height=&#8221;yes&#8221; content_placement=&#8221;middle&#8221;][vc_column][vc_empty_space height=&#8221;80px&#8221;][vc_custom_heading text=&#8221;Dates &hellip; <\/p>\n","protected":false},"author":1,"featured_media":0,"parent":0,"menu_order":0,"comment_status":"closed","ping_status":"closed","template":"","meta":{"footnotes":""},"class_list":["post-2328","page","type-page","status-publish","hentry"],"yoast_head":"<!-- This site is optimized with the Yoast SEO plugin v26.7 - https:\/\/yoast.com\/wordpress\/plugins\/seo\/ -->\n<title>Dates of courses and pricing - Ekofolwark<\/title>\n<meta name=\"robots\" content=\"index, follow, max-snippet:-1, max-image-preview:large, max-video-preview:-1\" \/>\n<link rel=\"canonical\" href=\"https:\/\/ekofolwark.pl\/en\/dates-of-courses-and-pricing\/\" \/>\n<meta property=\"og:locale\" content=\"en_US\" \/>\n<meta property=\"og:type\" content=\"article\" \/>\n<meta property=\"og:title\" content=\"Dates of courses and pricing - Ekofolwark\" \/>\n<meta property=\"og:description\" content=\"[vc_row full_width=&#8221;stretch_row&#8221; equal_height=&#8221;yes&#8221; content_placement=&#8221;middle&#8221; css=&#8221;.vc_custom_1608077777583{background-image: url(https:\/\/ekofolwark.pl\/wp-content\/uploads\/2020\/11\/daty-turnusow-background.jpg?id=2007) !important;background-position: center !important;background-repeat: no-repeat !important;background-size: cover !important;}&#8221; el_class=&#8221;przerywnik&#8221;][vc_column][vc_empty_space height=&#8221;400px&#8221;][\/vc_column][\/vc_row][vc_row full_width=&#8221;stretch_row&#8221; equal_height=&#8221;yes&#8221; content_placement=&#8221;middle&#8221;][vc_column][vc_empty_space height=&#8221;80px&#8221;][vc_custom_heading text=&#8221;Dates &hellip;\" \/>\n<meta property=\"og:url\" content=\"https:\/\/ekofolwark.pl\/en\/dates-of-courses-and-pricing\/\" \/>\n<meta property=\"og:site_name\" content=\"Ekofolwark\" \/>\n<meta property=\"article:modified_time\" content=\"2026-04-03T08:52:48+00:00\" \/>\n<meta name=\"twitter:card\" content=\"summary_large_image\" \/>\n<meta name=\"twitter:label1\" content=\"Est. reading time\" \/>\n\t<meta name=\"twitter:data1\" content=\"2 minutes\" \/>\n<script type=\"application\/ld+json\" class=\"yoast-schema-graph\">{\"@context\":\"https:\/\/schema.org\",\"@graph\":[{\"@type\":\"WebPage\",\"@id\":\"https:\/\/ekofolwark.pl\/en\/dates-of-courses-and-pricing\/\",\"url\":\"https:\/\/ekofolwark.pl\/en\/dates-of-courses-and-pricing\/\",\"name\":\"Dates of courses and pricing - Ekofolwark\",\"isPartOf\":{\"@id\":\"https:\/\/ekofolwark.pl\/#website\"},\"datePublished\":\"2020-12-16T01:14:17+00:00\",\"dateModified\":\"2026-04-03T08:52:48+00:00\",\"breadcrumb\":{\"@id\":\"https:\/\/ekofolwark.pl\/en\/dates-of-courses-and-pricing\/#breadcrumb\"},\"inLanguage\":\"en-US\",\"potentialAction\":[{\"@type\":\"ReadAction\",\"target\":[\"https:\/\/ekofolwark.pl\/en\/dates-of-courses-and-pricing\/\"]}]},{\"@type\":\"BreadcrumbList\",\"@id\":\"https:\/\/ekofolwark.pl\/en\/dates-of-courses-and-pricing\/#breadcrumb\",\"itemListElement\":[{\"@type\":\"ListItem\",\"position\":1,\"name\":\"Strona g\u0142\u00f3wna\",\"item\":\"https:\/\/ekofolwark.pl\/en\/\"},{\"@type\":\"ListItem\",\"position\":2,\"name\":\"Dates of courses and pricing\"}]},{\"@type\":\"WebSite\",\"@id\":\"https:\/\/ekofolwark.pl\/#website\",\"url\":\"https:\/\/ekofolwark.pl\/\",\"name\":\"Ekofolwark\",\"description\":\"\",\"potentialAction\":[{\"@type\":\"SearchAction\",\"target\":{\"@type\":\"EntryPoint\",\"urlTemplate\":\"https:\/\/ekofolwark.pl\/?s={search_term_string}\"},\"query-input\":{\"@type\":\"PropertyValueSpecification\",\"valueRequired\":true,\"valueName\":\"search_term_string\"}}],\"inLanguage\":\"en-US\"}]}<\/script>\n<!-- \/ Yoast SEO plugin. -->","yoast_head_json":{"title":"Dates of courses and pricing - Ekofolwark","robots":{"index":"index","follow":"follow","max-snippet":"max-snippet:-1","max-image-preview":"max-image-preview:large","max-video-preview":"max-video-preview:-1"},"canonical":"https:\/\/ekofolwark.pl\/en\/dates-of-courses-and-pricing\/","og_locale":"en_US","og_type":"article","og_title":"Dates of courses and pricing - Ekofolwark","og_description":"[vc_row full_width=&#8221;stretch_row&#8221; equal_height=&#8221;yes&#8221; content_placement=&#8221;middle&#8221; css=&#8221;.vc_custom_1608077777583{background-image: url(https:\/\/ekofolwark.pl\/wp-content\/uploads\/2020\/11\/daty-turnusow-background.jpg?id=2007) !important;background-position: center !important;background-repeat: no-repeat !important;background-size: cover !important;}&#8221; el_class=&#8221;przerywnik&#8221;][vc_column][vc_empty_space height=&#8221;400px&#8221;][\/vc_column][\/vc_row][vc_row full_width=&#8221;stretch_row&#8221; equal_height=&#8221;yes&#8221; content_placement=&#8221;middle&#8221;][vc_column][vc_empty_space height=&#8221;80px&#8221;][vc_custom_heading text=&#8221;Dates &hellip;","og_url":"https:\/\/ekofolwark.pl\/en\/dates-of-courses-and-pricing\/","og_site_name":"Ekofolwark","article_modified_time":"2026-04-03T08:52:48+00:00","twitter_card":"summary_large_image","twitter_misc":{"Est. reading time":"2 minutes"},"schema":{"@context":"https:\/\/schema.org","@graph":[{"@type":"WebPage","@id":"https:\/\/ekofolwark.pl\/en\/dates-of-courses-and-pricing\/","url":"https:\/\/ekofolwark.pl\/en\/dates-of-courses-and-pricing\/","name":"Dates of courses and pricing - Ekofolwark","isPartOf":{"@id":"https:\/\/ekofolwark.pl\/#website"},"datePublished":"2020-12-16T01:14:17+00:00","dateModified":"2026-04-03T08:52:48+00:00","breadcrumb":{"@id":"https:\/\/ekofolwark.pl\/en\/dates-of-courses-and-pricing\/#breadcrumb"},"inLanguage":"en-US","potentialAction":[{"@type":"ReadAction","target":["https:\/\/ekofolwark.pl\/en\/dates-of-courses-and-pricing\/"]}]},{"@type":"BreadcrumbList","@id":"https:\/\/ekofolwark.pl\/en\/dates-of-courses-and-pricing\/#breadcrumb","itemListElement":[{"@type":"ListItem","position":1,"name":"Strona g\u0142\u00f3wna","item":"https:\/\/ekofolwark.pl\/en\/"},{"@type":"ListItem","position":2,"name":"Dates of courses and pricing"}]},{"@type":"WebSite","@id":"https:\/\/ekofolwark.pl\/#website","url":"https:\/\/ekofolwark.pl\/","name":"Ekofolwark","description":"","potentialAction":[{"@type":"SearchAction","target":{"@type":"EntryPoint","urlTemplate":"https:\/\/ekofolwark.pl\/?s={search_term_string}"},"query-input":{"@type":"PropertyValueSpecification","valueRequired":true,"valueName":"search_term_string"}}],"inLanguage":"en-US"}]}},"_links":{"self":[{"href":"https:\/\/ekofolwark.pl\/en\/wp-json\/wp\/v2\/pages\/2328","targetHints":{"allow":["GET"]}}],"collection":[{"href":"https:\/\/ekofolwark.pl\/en\/wp-json\/wp\/v2\/pages"}],"about":[{"href":"https:\/\/ekofolwark.pl\/en\/wp-json\/wp\/v2\/types\/page"}],"author":[{"embeddable":true,"href":"https:\/\/ekofolwark.pl\/en\/wp-json\/wp\/v2\/users\/1"}],"replies":[{"embeddable":true,"href":"https:\/\/ekofolwark.pl\/en\/wp-json\/wp\/v2\/comments?post=2328"}],"version-history":[{"count":40,"href":"https:\/\/ekofolwark.pl\/en\/wp-json\/wp\/v2\/pages\/2328\/revisions"}],"predecessor-version":[{"id":2792,"href":"https:\/\/ekofolwark.pl\/en\/wp-json\/wp\/v2\/pages\/2328\/revisions\/2792"}],"wp:attachment":[{"href":"https:\/\/ekofolwark.pl\/en\/wp-json\/wp\/v2\/media?parent=2328"}],"curies":[{"name":"wp","href":"https:\/\/api.w.org\/{rel}","templated":true}]}}