{"id":2333,"date":"2020-12-16T02:16:17","date_gmt":"2020-12-16T01:16:17","guid":{"rendered":"https:\/\/ekofolwark.pl\/?page_id=2333"},"modified":"2026-01-22T15:52:21","modified_gmt":"2026-01-22T14:52:21","slug":"contact-us","status":"publish","type":"page","link":"https:\/\/ekofolwark.pl\/en\/contact-us\/","title":{"rendered":"Contact us"},"content":{"rendered":"<div class=\"wpb-content-wrapper\"><p>[vc_row full_width=&#8221;stretch_row&#8221; equal_height=&#8221;yes&#8221; content_placement=&#8221;middle&#8221; css=&#8221;.vc_custom_1707432702299{background-image: url(https:\/\/ekofolwark.pl\/wp-content\/uploads\/2024\/02\/galeria-background.jpg?id=2505) !important;background-position: center !important;background-repeat: no-repeat !important;background-size: cover !important;}&#8221; el_class=&#8221;przerywnik&#8221;][vc_column][vc_empty_space height=&#8221;400px&#8221;][\/vc_column][\/vc_row][vc_row full_width=&#8221;stretch_row&#8221; equal_height=&#8221;yes&#8221; content_placement=&#8221;middle&#8221;][vc_column][vc_empty_space height=&#8221;80px&#8221;][vc_custom_heading text=&#8221;Contact us&#8221; font_container=&#8221;tag:h1|text_align:center&#8221; use_theme_fonts=&#8221;yes&#8221; css=&#8221;.vc_custom_1608081343292{margin-bottom: 0px !important;}&#8221;][vc_empty_space height=&#8221;50px&#8221;][vc_row_inner][vc_column_inner width=&#8221;1\/2&#8243;][vc_column_text el_class=&#8221;miejsce-z-klimatem&#8221;]<strong>EKO FOLWARK SP Z O.O. SP\u00d3\u0141KA KOMANDYTOWA<\/strong><\/p>\n<p>Invoice info:<\/p>\n<p>Ul. Pachn\u0105ca 81 02-792, Warszawa<br \/>\nNIP 9512405472<br \/>\nRegon 363682580<br \/>\nBank Sp\u00f3\u0142dzielczy Byt\u00f3w O\/Ko\u0142czyg\u0142owy<br \/>\n23 9321 0001 0034 9428 2000 0010<\/p>\n<p><strong>El\u017cbieta Lang<\/strong><\/p>\n<p>tel. <a href=\"tel:+48 661 220 022\">+48 661 220 022<\/a><br \/>\n<a href=\"mailto:kontakt@ekofolwark.pl\">kontakt@ekofolwark.pl<\/a>[\/vc_column_text][\/vc_column_inner][vc_column_inner width=&#8221;1\/2&#8243;][vc_column_text css=&#8221;&#8221; el_class=&#8221;miejsce-z-klimatem&#8221;]<strong>ECO FARM \u2013 ECO PRODUCTS<\/strong><\/p>\n<p>Pa\u0142ac w Poborowie<br \/>\nPoborowo 16,<br \/>\n77-235 Trzebielino<\/p>\n<p style=\"font-size: 120%;\"><strong>Karolina Lisiecka<\/strong><\/p>\n<p>tel. <a href=\"tel:+48 519 171 198\">+48 519 171 198<\/a><br \/>\n<a href=\"mailto:kontakt@ekofolwark.pl\">kontakt@ekofolwark.pl<\/a>[\/vc_column_text][\/vc_column_inner][\/vc_row_inner][vc_empty_space height=&#8221;80px&#8221;][\/vc_column][\/vc_row]<\/p>\n<\/div>","protected":false},"excerpt":{"rendered":"<p>[vc_row full_width=&#8221;stretch_row&#8221; equal_height=&#8221;yes&#8221; content_placement=&#8221;middle&#8221; css=&#8221;.vc_custom_1707432702299{background-image: url(https:\/\/ekofolwark.pl\/wp-content\/uploads\/2024\/02\/galeria-background.jpg?id=2505) !important;background-position: center !important;background-repeat: no-repeat !important;background-size: cover !important;}&#8221; el_class=&#8221;przerywnik&#8221;][vc_column][vc_empty_space height=&#8221;400px&#8221;][\/vc_column][\/vc_row][vc_row full_width=&#8221;stretch_row&#8221; equal_height=&#8221;yes&#8221; content_placement=&#8221;middle&#8221;][vc_column][vc_empty_space height=&#8221;80px&#8221;][vc_custom_heading text=&#8221;Contact &hellip; <\/p>\n","protected":false},"author":1,"featured_media":0,"parent":0,"menu_order":0,"comment_status":"closed","ping_status":"closed","template":"","meta":{"footnotes":""},"class_list":["post-2333","page","type-page","status-publish","hentry"],"yoast_head":"<!-- This site is optimized with the Yoast SEO plugin v26.7 - https:\/\/yoast.com\/wordpress\/plugins\/seo\/ -->\n<title>Contact us - Ekofolwark<\/title>\n<meta name=\"robots\" content=\"index, follow, max-snippet:-1, max-image-preview:large, max-video-preview:-1\" \/>\n<link rel=\"canonical\" href=\"https:\/\/ekofolwark.pl\/en\/contact-us\/\" \/>\n<meta property=\"og:locale\" content=\"en_US\" \/>\n<meta property=\"og:type\" content=\"article\" \/>\n<meta property=\"og:title\" content=\"Contact us - Ekofolwark\" \/>\n<meta property=\"og:description\" content=\"[vc_row full_width=&#8221;stretch_row&#8221; equal_height=&#8221;yes&#8221; content_placement=&#8221;middle&#8221; css=&#8221;.vc_custom_1707432702299{background-image: url(https:\/\/ekofolwark.pl\/wp-content\/uploads\/2024\/02\/galeria-background.jpg?id=2505) !important;background-position: center !important;background-repeat: no-repeat !important;background-size: cover !important;}&#8221; el_class=&#8221;przerywnik&#8221;][vc_column][vc_empty_space height=&#8221;400px&#8221;][\/vc_column][\/vc_row][vc_row full_width=&#8221;stretch_row&#8221; equal_height=&#8221;yes&#8221; content_placement=&#8221;middle&#8221;][vc_column][vc_empty_space height=&#8221;80px&#8221;][vc_custom_heading text=&#8221;Contact &hellip;\" \/>\n<meta property=\"og:url\" content=\"https:\/\/ekofolwark.pl\/en\/contact-us\/\" \/>\n<meta property=\"og:site_name\" content=\"Ekofolwark\" \/>\n<meta property=\"article:modified_time\" content=\"2026-01-22T14:52:21+00:00\" \/>\n<meta name=\"twitter:card\" content=\"summary_large_image\" \/>\n<meta name=\"twitter:label1\" content=\"Est. reading time\" \/>\n\t<meta name=\"twitter:data1\" content=\"1 minute\" \/>\n<script type=\"application\/ld+json\" class=\"yoast-schema-graph\">{\"@context\":\"https:\/\/schema.org\",\"@graph\":[{\"@type\":\"WebPage\",\"@id\":\"https:\/\/ekofolwark.pl\/en\/contact-us\/\",\"url\":\"https:\/\/ekofolwark.pl\/en\/contact-us\/\",\"name\":\"Contact us - Ekofolwark\",\"isPartOf\":{\"@id\":\"https:\/\/ekofolwark.pl\/#website\"},\"datePublished\":\"2020-12-16T01:16:17+00:00\",\"dateModified\":\"2026-01-22T14:52:21+00:00\",\"breadcrumb\":{\"@id\":\"https:\/\/ekofolwark.pl\/en\/contact-us\/#breadcrumb\"},\"inLanguage\":\"en-US\",\"potentialAction\":[{\"@type\":\"ReadAction\",\"target\":[\"https:\/\/ekofolwark.pl\/en\/contact-us\/\"]}]},{\"@type\":\"BreadcrumbList\",\"@id\":\"https:\/\/ekofolwark.pl\/en\/contact-us\/#breadcrumb\",\"itemListElement\":[{\"@type\":\"ListItem\",\"position\":1,\"name\":\"Strona g\u0142\u00f3wna\",\"item\":\"https:\/\/ekofolwark.pl\/en\/\"},{\"@type\":\"ListItem\",\"position\":2,\"name\":\"Contact us\"}]},{\"@type\":\"WebSite\",\"@id\":\"https:\/\/ekofolwark.pl\/#website\",\"url\":\"https:\/\/ekofolwark.pl\/\",\"name\":\"Ekofolwark\",\"description\":\"\",\"potentialAction\":[{\"@type\":\"SearchAction\",\"target\":{\"@type\":\"EntryPoint\",\"urlTemplate\":\"https:\/\/ekofolwark.pl\/?s={search_term_string}\"},\"query-input\":{\"@type\":\"PropertyValueSpecification\",\"valueRequired\":true,\"valueName\":\"search_term_string\"}}],\"inLanguage\":\"en-US\"}]}<\/script>\n<!-- \/ Yoast SEO plugin. -->","yoast_head_json":{"title":"Contact us - Ekofolwark","robots":{"index":"index","follow":"follow","max-snippet":"max-snippet:-1","max-image-preview":"max-image-preview:large","max-video-preview":"max-video-preview:-1"},"canonical":"https:\/\/ekofolwark.pl\/en\/contact-us\/","og_locale":"en_US","og_type":"article","og_title":"Contact us - Ekofolwark","og_description":"[vc_row full_width=&#8221;stretch_row&#8221; equal_height=&#8221;yes&#8221; content_placement=&#8221;middle&#8221; css=&#8221;.vc_custom_1707432702299{background-image: url(https:\/\/ekofolwark.pl\/wp-content\/uploads\/2024\/02\/galeria-background.jpg?id=2505) !important;background-position: center !important;background-repeat: no-repeat !important;background-size: cover !important;}&#8221; el_class=&#8221;przerywnik&#8221;][vc_column][vc_empty_space height=&#8221;400px&#8221;][\/vc_column][\/vc_row][vc_row full_width=&#8221;stretch_row&#8221; equal_height=&#8221;yes&#8221; content_placement=&#8221;middle&#8221;][vc_column][vc_empty_space height=&#8221;80px&#8221;][vc_custom_heading text=&#8221;Contact &hellip;","og_url":"https:\/\/ekofolwark.pl\/en\/contact-us\/","og_site_name":"Ekofolwark","article_modified_time":"2026-01-22T14:52:21+00:00","twitter_card":"summary_large_image","twitter_misc":{"Est. reading time":"1 minute"},"schema":{"@context":"https:\/\/schema.org","@graph":[{"@type":"WebPage","@id":"https:\/\/ekofolwark.pl\/en\/contact-us\/","url":"https:\/\/ekofolwark.pl\/en\/contact-us\/","name":"Contact us - Ekofolwark","isPartOf":{"@id":"https:\/\/ekofolwark.pl\/#website"},"datePublished":"2020-12-16T01:16:17+00:00","dateModified":"2026-01-22T14:52:21+00:00","breadcrumb":{"@id":"https:\/\/ekofolwark.pl\/en\/contact-us\/#breadcrumb"},"inLanguage":"en-US","potentialAction":[{"@type":"ReadAction","target":["https:\/\/ekofolwark.pl\/en\/contact-us\/"]}]},{"@type":"BreadcrumbList","@id":"https:\/\/ekofolwark.pl\/en\/contact-us\/#breadcrumb","itemListElement":[{"@type":"ListItem","position":1,"name":"Strona g\u0142\u00f3wna","item":"https:\/\/ekofolwark.pl\/en\/"},{"@type":"ListItem","position":2,"name":"Contact us"}]},{"@type":"WebSite","@id":"https:\/\/ekofolwark.pl\/#website","url":"https:\/\/ekofolwark.pl\/","name":"Ekofolwark","description":"","potentialAction":[{"@type":"SearchAction","target":{"@type":"EntryPoint","urlTemplate":"https:\/\/ekofolwark.pl\/?s={search_term_string}"},"query-input":{"@type":"PropertyValueSpecification","valueRequired":true,"valueName":"search_term_string"}}],"inLanguage":"en-US"}]}},"_links":{"self":[{"href":"https:\/\/ekofolwark.pl\/en\/wp-json\/wp\/v2\/pages\/2333","targetHints":{"allow":["GET"]}}],"collection":[{"href":"https:\/\/ekofolwark.pl\/en\/wp-json\/wp\/v2\/pages"}],"about":[{"href":"https:\/\/ekofolwark.pl\/en\/wp-json\/wp\/v2\/types\/page"}],"author":[{"embeddable":true,"href":"https:\/\/ekofolwark.pl\/en\/wp-json\/wp\/v2\/users\/1"}],"replies":[{"embeddable":true,"href":"https:\/\/ekofolwark.pl\/en\/wp-json\/wp\/v2\/comments?post=2333"}],"version-history":[{"count":6,"href":"https:\/\/ekofolwark.pl\/en\/wp-json\/wp\/v2\/pages\/2333\/revisions"}],"predecessor-version":[{"id":2785,"href":"https:\/\/ekofolwark.pl\/en\/wp-json\/wp\/v2\/pages\/2333\/revisions\/2785"}],"wp:attachment":[{"href":"https:\/\/ekofolwark.pl\/en\/wp-json\/wp\/v2\/media?parent=2333"}],"curies":[{"name":"wp","href":"https:\/\/api.w.org\/{rel}","templated":true}]}}